{"id":355,"date":"2018-06-08T09:25:01","date_gmt":"2018-06-08T09:25:01","guid":{"rendered":"http:\/\/www.citykamp.com\/chalets-vallouise\/la-region\/"},"modified":"2022-10-11T14:32:43","modified_gmt":"2022-10-11T14:32:43","slug":"regione","status":"publish","type":"page","link":"https:\/\/www.chalet-vallouise.com\/it\/regione\/","title":{"rendered":"REGIONE"},"content":{"rendered":"<div class=\"wpb-content-wrapper\"><p>[vc_row][vc_column][vc_single_image image=&#8221;258&#8243; img_size=&#8221;1900&#215;500&#8243; alignment=&#8221;center&#8221;][\/vc_column][\/vc_row][vc_row][vc_column]<div class=\"wrappedcontent\">[vc_column_text]<\/p>\n<h3><span style=\"color: #333333;\">Vallouise, petit village typique de montagne<\/span><\/h3>\n<p>[\/vc_column_text][vc_empty_space][vc_column_text]Il villaggio di Vallouise, situato nel dipartimento delle\u00a0Hautes-Alpes a soli 20 km da Brian\u00e7on, \u00e8 una destinazione invernale che coniuga l&#8217;autenticit\u00e0 alle molte attivit\u00e0. Il paesino di Vallouise possiede anche vere e proprie ricchezze architetturali abbellite da numerose meridiane oltre agli eccellenti prodotti del territorio, da gustare al ritorno dalle piste o da una bella passegiata nella neve&#8230;\u00a0La regione beneficia di un\u00a0clima privilegiato\u00a0con pi\u00f9 di 300 giorni d&#8217;insolazione all&#8217;anno, oltre ad un eccellente innevamento.[\/vc_column_text][vc_empty_space][vc_column_text]<\/p>\n<h4 style=\"text-align: center;\"><span style=\"color: #333333;\">\u2014<\/span> Scopri il resort di Pelvoux Vallouise in video!<span style=\"color: #333333;\">\u00a0\u2014<\/span><\/h4>\n<p>[\/vc_column_text][vc_empty_space height=&#8221;20px&#8221;][vc_column_text]<\/p>\n<p style=\"text-align: center;\">Sci in pista, di fondo o di alpinismo? A voi la scelta!<\/p>\n<p>[\/vc_column_text][vc_empty_space][vc_column_text]<\/p>\n<p style=\"text-align: center;\"><iframe loading=\"lazy\" src=\"https:\/\/www.youtube.com\/embed\/TJOJcoTCu3Y\" width=\"70%\" height=\"343\" frameborder=\"0\" allowfullscreen=\"allowfullscreen\"><span data-mce-type=\"bookmark\" style=\"display: inline-block; width: 0px; overflow: hidden; line-height: 0;\" class=\"mce_SELRES_start\">\ufeff<\/span><\/iframe><\/p>\n<p>[\/vc_column_text]<\/div>[\/vc_column][\/vc_row][vc_row css=&#8221;.vc_custom_1528875646110{background-color: #e8e8e8 !important;}&#8221;][vc_column]<div class=\"wrappedcontent\">[vc_column_text]<\/p>\n<h4 style=\"text-align: center;\"><span style=\"color: #333333;\">\u2014<\/span> Attivit\u00e0 molteplici e varie&#8230;<span style=\"color: #333333;\">\u00a0\u2014<\/span><\/h4>\n<p>[\/vc_column_text][vc_empty_space][vc_masonry_media_grid element_width=&#8221;12&#8243; gap=&#8221;0&#8243; item=&#8221;124&#8243; grid_id=&#8221;vc_gid:1665498757358-bfc3aab0-6c8c-0&#8243; include=&#8221;382&#8243;][vc_empty_space height=&#8221;12px&#8221;][vc_column_text]Vallouise \u00e8 situato nelle immediate vicinanze di due stazioni sciistiche per famiglie: la stazione di Pelvoux Vallouise e la stazione di Puy- Saint-Vincent.<\/p>\n<p><span style=\"color: #23afc2;\"><strong>L&#8217;area sciabile di Pelvoux Vallouise\u00a0, situata a 5 minuti da Vallouise si estende da 1250 m a 2330 m e offre 25 km di piste segnalate.<\/strong><\/span><\/p>\n<p><span style=\"color: #23afc2;\"><strong>La stazione di Puy-Saint-Vincent, situata a 15 minuti da Vallouise, \u00e8 un moderno impianto che propone 75 km di piste che si snodano tra i larici. L&#8217;area si estende da 1400 m a 2750 m di altitudine.\u00a0<\/strong><\/span><\/p>\n<p>Durante il vostro soggiorno a Vallouise, potrete anche approfittare della zona sciabile di Serre Chevalier, situata a meno di 30 km da Vallouise e scoprire la zona di Montgen\u00e8vre.\u00a0La stazione di Serre Chevalier propone per un forfait minimo di 6 giorni (Grande Galaxie) la possibilit\u00e0 di accedere per 1 giornata a un&#8217;altra stazione (Montgen\u00e8vre, Les deux Alpes, Puy Saint Vincent&#8230;). [\/vc_column_text][vc_empty_space height=&#8221;12px&#8221;][vc_row_inner gap=&#8221;35&#8243; css=&#8221;.vc_custom_1528879986760{margin-left: -0.5px !important;}&#8221;][vc_column_inner width=&#8221;1\/2&#8243;][vc_masonry_media_grid element_width=&#8221;12&#8243; gap=&#8221;0&#8243; item=&#8221;124&#8243; grid_id=&#8221;vc_gid:1665498757362-b602ea7c-846c-2&#8243; include=&#8221;491&#8243;][vc_empty_space height=&#8221;12px&#8221;][vc_column_text]Partenza sci ai piedi dal vostro chalet!<\/p>\n<p>L&#8217;area di Vallouise e Les Vigneaux propone pi\u00f9 di 30 km di piste tracciate e segnalate; una localit\u00e0 ideale per principianti ed esperti appassionati di passeggiate nella foresta<\/p>\n<p>Potrete anche praticare questa attivit\u00e0 nell&#8217;area di Puy-Saint-Vincent, in localit\u00e0 Ailefroide o nell&#8217;area della valle di Freissini\u00e8res.[\/vc_column_text][\/vc_column_inner][vc_column_inner width=&#8221;1\/2&#8243;][vc_masonry_media_grid element_width=&#8221;12&#8243; gap=&#8221;0&#8243; item=&#8221;124&#8243; grid_id=&#8221;vc_gid:1665498757366-f5eabc45-8565-6&#8243; include=&#8221;494&#8243;][vc_empty_space height=&#8221;12px&#8221;][vc_column_text]Il territorio da sogno del Pays des Ecrins \u00e8 l&#8217;ideale per gli appassionati dello sci-alpinismo. Le possibilit\u00e0 sono infinite.\u00a0Scoprite valli selvatiche e incontaminate, ghiacciai e una montagna unica in una cornice grandiosa fuori dai sentieri battuti.<\/p>\n<p>Ecco qualche suggerimento per le vostre escursioni: La Blanche, Les Cr\u00e8tes de Reychard, Les Querettes, La Condamine&#8230;[\/vc_column_text][\/vc_column_inner][\/vc_row_inner]<div class=\"text-center btnwrap\"><a class=\"btn btn-huttopia-cta\" href=\"http:\/\/checkout.huttopia.com\/redirect\/it\/893\" role=\"button\" target=\"\" onclick=\"dataLayer.push({'event':'clickCity', 'clickText':'Prenota il tuo soggiorno'})\">Prenota il tuo soggiorno<\/a><\/div><\/div>[\/vc_column][\/vc_row][vc_row][vc_column]<div class=\"wrappedcontent\">[vc_column_text]<\/p>\n<h4 style=\"text-align: center;\"><span style=\"color: #333333;\">\u2014<\/span> Passeggiate con le racchette e attivit\u00e0 ludiche per tutta la famiglia<span style=\"color: #333333;\">\u00a0\u2014<\/span><\/h4>\n<p>[\/vc_column_text][vc_empty_space][vc_row_inner equal_height=&#8221;yes&#8221; content_placement=&#8221;middle&#8221; gap=&#8221;35&#8243; css=&#8221;.vc_custom_1528880004186{margin-left: -0.5px !important;}&#8221;][vc_column_inner width=&#8221;1\/2&#8243;][vc_masonry_media_grid element_width=&#8221;12&#8243; gap=&#8221;0&#8243; grid_id=&#8221;vc_gid:1665498757369-4db2b639-761f-8&#8243; include=&#8221;246&#8243;][\/vc_column_inner][vc_column_inner width=&#8221;1\/2&#8243;][vc_column_text]Potrete anche\u00a0partire dal vostro chalet, racchette ai piedi, per una passeggiata in famiglia lungo uno degli itinerari proposti. Il sentiero del Gyr, che si diparte da Vallouise, vi permette di raggiungere Pelvoux, a piedi o con le racchette. A seconda delle condizioni meteo, potrete proseguire il vostro cammino calzando le racchette fino a Ailefroide. Anche il sentiero di pianura \u00e8 ideale per una passeggiata nella neve.<\/p>\n<p>Le camminate con le racchette rappresentano\u00a0un&#8217;attivit\u00e0 accessibile ai pi\u00f9, che consente di immergersi nella natura, tra foreste di pini e fauna montana, e di attraversare piccole frazioncine e villaggi carichi di storia.\u00a0[\/vc_column_text][\/vc_column_inner][\/vc_row_inner][vc_row_inner gap=&#8221;20&#8243; css=&#8221;.vc_custom_1528876016533{margin-left: -0.5px !important;}&#8221;][vc_column_inner width=&#8221;1\/3&#8243;][vc_masonry_media_grid element_width=&#8221;12&#8243; grid_id=&#8221;vc_gid:1665498757371-64a946cc-1756-8&#8243; include=&#8221;248&#8243;][vc_empty_space height=&#8221;12px&#8221;][vc_column_text]Le discese in slitta faranno la felicit\u00e0 dei bambini. Per quanto riguarda quelli che preferiscono pattinare sul ghiaccio&#8230;possono recarsi in una delle due piste di pattinaggio naturali situate a Pelvoux-Vallouise a 1250 m d&#8217;altitudine e a Puy-Saint-Vincent a 1600 m d&#8217;altitudine.\u00a0Ulteriori informazioni presso l&#8217;ufficio del turismo di vallouise.[\/vc_column_text][\/vc_column_inner][vc_column_inner width=&#8221;1\/3&#8243;][vc_masonry_media_grid element_width=&#8221;12&#8243; grid_id=&#8221;vc_gid:1665498757375-80f55589-a82e-7&#8243; include=&#8221;250&#8243;][vc_empty_space height=&#8221;12px&#8221;][vc_column_text]I paesaggi incontaminati della regione rappresentano uno scenario da sogno per\u00a0una gita in slitta trainata dai cani![\/vc_column_text][\/vc_column_inner][vc_column_inner width=&#8221;1\/3&#8243;][vc_masonry_media_grid element_width=&#8221;12&#8243; grid_id=&#8221;vc_gid:1665498757378-c43b8762-6560-9&#8243; include=&#8221;256&#8243;][vc_empty_space height=&#8221;12px&#8221;][vc_column_text]Per quanto riguara gli appassionati delle sensazioni forti e dei paesaggi grandiosi visti dall&#8217;alto, possono recarsi a Pelvoux per un volo in parapendio.[\/vc_column_text][\/vc_column_inner][\/vc_row_inner]<\/div>[\/vc_column][\/vc_row][vc_row css=&#8221;.vc_custom_1528893698728{background-color: #e8e8e8 !important;}&#8221;][vc_column]<div class=\"wrappedcontent\">[vc_column_text]<\/p>\n<h4 style=\"text-align: center;\"><span style=\"color: #333333;\">\u2014<\/span> Villaggi autentici<span style=\"color: #333333;\">\u00a0\u2014<\/span><\/h4>\n<p>[\/vc_column_text][vc_empty_space][vc_row_inner gap=&#8221;35&#8243; css=&#8221;.vc_custom_1528893847317{margin-left: -0.5px !important;}&#8221;][vc_column_inner width=&#8221;1\/2&#8243;][vc_masonry_media_grid element_width=&#8221;12&#8243; gap=&#8221;0&#8243; grid_id=&#8221;vc_gid:1665498757383-8d9abd97-eb98-10&#8243; include=&#8221;252&#8243;][\/vc_column_inner][vc_column_inner width=&#8221;1\/2&#8243;][vc_masonry_media_grid element_width=&#8221;12&#8243; gap=&#8221;0&#8243; grid_id=&#8221;vc_gid:1665498757386-145df6d4-973a-2&#8243; include=&#8221;260&#8243;][\/vc_column_inner][\/vc_row_inner][vc_empty_space height=&#8221;12px&#8221;][vc_column_text]Il villaggio di Vallouise possiede vere e proprie\u00a0ricchezze architetturali\u00a0abbellite da diverse meridiane. Il pays des Ecrins beneficia di un patrimonio religioso ricco di chiese e cappelle ma anche di un importante retaggio industriale, in particolare ad Argenti\u00e8re la Bess\u00e9e con le Miniere d&#8217;argento del Fournel e il Museo delle miniere.\u00a0 Durante il vostro soggiorno, scoprite anche\u00a0la cittadella di Brian\u00e7on, la pi\u00f9 alta citt\u00e0 di Francia, situata a 1.326 metri d&#8217;altitudine, le cui fortificazioni sono state iscritte nella lista del patrimonio mondiale dell&#8217;Unesco.<\/p>\n<p><strong>Artigianato e territorio<\/strong><\/p>\n<p>Durante le vostre vacanze a Vallouise, potrete scoprire i tesori dell&#8217;artigianato di questo villaggio tipico di montagna: la lavorazione della ceramica con i suoi articoli in gr\u00e8s, la maison artigianale di Vallouise con i suoi prodotti alto-alpini (miele, liquori, birrra delle Alpi, salsicce, pat\u00e9, confetture, pane casareccio, vino), la maison di produzione del miele&#8230;\u00a0Potrete godervi\u00a0un pasto di montagna in uno dei ristorantini\u00a0del villaggio, con la convivialit\u00e0 della raclette, guustando una tartiflette, una pizza cotta in forno a legna, un tagliere di salumi\u2026[\/vc_column_text]<\/div>[\/vc_column][\/vc_row][vc_row][vc_column][vc_gmaps link=&#8221;#E-8_JTNDaWZyYW1lJTIwc3JjJTNEJTIyaHR0cHMlM0ElMkYlMkZ3d3cuZ29vZ2xlLmNvbSUyRm1hcHMlMkZlbWJlZCUzRnBiJTNEJTIxMW0xNCUyMTFtOCUyMTFtMyUyMTFkMTEzMTUuNjQ2ODUxMzY2OTQyJTIxMmQ2LjQ4OTM1NDklMjEzZDQ0Ljg0MzczMTMlMjEzbTIlMjExaTEwMjQlMjEyaTc2OCUyMTRmMTMuMSUyMTNtMyUyMTFtMiUyMTFzMHgwJTI1M0EweDNlODA3ZDdmMzU5NmViMmUlMjEyc0NhbXBpbmclMkJIdXR0b3BpYSUyQlZhbGxvdWlzZSUyMTVlMCUyMTNtMiUyMTFzZnIlMjEyc2ZyJTIxNHYxNTI4ODkxNzY2OTQyJTIyJTIwd2lkdGglM0QlMjI2MDAlMjIlMjBoZWlnaHQlM0QlMjI0NTAlMjIlMjBmcmFtZWJvcmRlciUzRCUyMjAlMjIlMjBzdHlsZSUzRCUyMmJvcmRlciUzQTAlMjIlMjBhbGxvd2Z1bGxzY3JlZW4lM0UlM0MlMkZpZnJhbWUlM0U=&#8221;][\/vc_column][\/vc_row]<\/p>\n<\/div>","protected":false},"excerpt":{"rendered":"<p>[vc_row][vc_column][vc_single_image image=&#8221;258&#8243; img_size=&#8221;1900&#215;500&#8243; alignment=&#8221;center&#8221;][\/vc_column][\/vc_row][vc_row][vc_column][\/vc_column][\/vc_row][vc_row css=&#8221;.vc_custom_1528875646110{background-color: #e8e8e8 !important;}&#8221;][vc_column][\/vc_column][\/vc_row][vc_row][vc_column][\/vc_column][\/vc_row][vc_row css=&#8221;.vc_custom_1528893698728{background-color: #e8e8e8 !important;}&#8221;][vc_column][\/vc_column][\/vc_row][vc_row][vc_column][vc_gmaps link=&#8221;#E-8_JTNDaWZyYW1lJTIwc3JjJTNEJTIyaHR0cHMlM0ElMkYlMkZ3d3cuZ29vZ2xlLmNvbSUyRm1hcHMlMkZlbWJlZCUzRnBiJTNEJTIxMW0xNCUyMTFtOCUyMTFtMyUyMTFkMTEzMTUuNjQ2ODUxMzY2OTQyJTIxMmQ2LjQ4OTM1NDklMjEzZDQ0Ljg0MzczMTMlMjEzbTIlMjExaTEwMjQlMjEyaTc2OCUyMTRmMTMuMSUyMTNtMyUyMTFtMiUyMTFzMHgwJTI1M0EweDNlODA3ZDdmMzU5NmViMmUlMjEyc0NhbXBpbmclMkJIdXR0b3BpYSUyQlZhbGxvdWlzZSUyMTVlMCUyMTNtMiUyMTFzZnIlMjEyc2ZyJTIxNHYxNTI4ODkxNzY2OTQyJTIyJTIwd2lkdGglM0QlMjI2MDAlMjIlMjBoZWlnaHQlM0QlMjI0NTAlMjIlMjBmcmFtZWJvcmRlciUzRCUyMjAlMjIlMjBzdHlsZSUzRCUyMmJvcmRlciUzQTAlMjIlMjBhbGxvd2Z1bGxzY3JlZW4lM0UlM0MlMkZpZnJhbWUlM0U=&#8221;][\/vc_column][\/vc_row]<\/p>\n","protected":false},"author":1,"featured_media":0,"parent":0,"menu_order":0,"comment_status":"closed","ping_status":"closed","template":"","meta":{"footnotes":""},"class_list":["post-355","page","type-page","status-publish","hentry"],"yoast_head":"<!-- This site is optimized with the Yoast SEO plugin v25.6 - https:\/\/yoast.com\/wordpress\/plugins\/seo\/ -->\n<title>Les Chalets de Vallouise - La regione di Vallouise, nelle Hautes-Alpes<\/title>\n<meta name=\"description\" content=\"Vallouise situato nelle Hautes-Alpes a soli 20 km da Brian\u00e7on \u00e8 una destinazione invernale che fa rima con autenticit\u00e0 e attivit\u00e0 varie.\" \/>\n<meta name=\"robots\" content=\"index, follow, max-snippet:-1, max-image-preview:large, max-video-preview:-1\" \/>\n<link rel=\"canonical\" href=\"https:\/\/www.chalet-vallouise.com\/it\/regione\/\" \/>\n<meta property=\"og:locale\" content=\"it_IT\" \/>\n<meta property=\"og:type\" content=\"article\" \/>\n<meta property=\"og:title\" content=\"Les Chalets de Vallouise - La regione di Vallouise, nelle Hautes-Alpes\" \/>\n<meta property=\"og:description\" content=\"Vallouise situato nelle Hautes-Alpes a soli 20 km da Brian\u00e7on \u00e8 una destinazione invernale che fa rima con autenticit\u00e0 e attivit\u00e0 varie.\" \/>\n<meta property=\"og:url\" content=\"https:\/\/www.chalet-vallouise.com\/it\/regione\/\" \/>\n<meta property=\"og:site_name\" content=\"Les Chalets de Vallouise\" \/>\n<meta property=\"article:modified_time\" content=\"2022-10-11T14:32:43+00:00\" \/>\n<meta name=\"twitter:card\" content=\"summary_large_image\" \/>\n<meta name=\"twitter:label1\" content=\"Est. reading time\" \/>\n\t<meta name=\"twitter:data1\" content=\"5 minuti\" \/>\n<script type=\"application\/ld+json\" class=\"yoast-schema-graph\">{\"@context\":\"https:\/\/schema.org\",\"@graph\":[{\"@type\":\"WebPage\",\"@id\":\"https:\/\/www.chalet-vallouise.com\/it\/regione\/\",\"url\":\"https:\/\/www.chalet-vallouise.com\/it\/regione\/\",\"name\":\"Les Chalets de Vallouise - La regione di Vallouise, nelle Hautes-Alpes\",\"isPartOf\":{\"@id\":\"https:\/\/www.chalet-vallouise.com\/it\/#website\"},\"datePublished\":\"2018-06-08T09:25:01+00:00\",\"dateModified\":\"2022-10-11T14:32:43+00:00\",\"description\":\"Vallouise situato nelle Hautes-Alpes a soli 20 km da Brian\u00e7on \u00e8 una destinazione invernale che fa rima con autenticit\u00e0 e attivit\u00e0 varie.\",\"breadcrumb\":{\"@id\":\"https:\/\/www.chalet-vallouise.com\/it\/regione\/#breadcrumb\"},\"inLanguage\":\"it-IT\",\"potentialAction\":[{\"@type\":\"ReadAction\",\"target\":[\"https:\/\/www.chalet-vallouise.com\/it\/regione\/\"]}]},{\"@type\":\"BreadcrumbList\",\"@id\":\"https:\/\/www.chalet-vallouise.com\/it\/regione\/#breadcrumb\",\"itemListElement\":[{\"@type\":\"ListItem\",\"position\":1,\"name\":\"Home\",\"item\":\"https:\/\/www.chalet-vallouise.com\/it\/\"},{\"@type\":\"ListItem\",\"position\":2,\"name\":\"REGIONE\"}]},{\"@type\":\"WebSite\",\"@id\":\"https:\/\/www.chalet-vallouise.com\/it\/#website\",\"url\":\"https:\/\/www.chalet-vallouise.com\/it\/\",\"name\":\"Les Chalets de Vallouise\",\"description\":\"Just another Citykamp site\",\"potentialAction\":[{\"@type\":\"SearchAction\",\"target\":{\"@type\":\"EntryPoint\",\"urlTemplate\":\"https:\/\/www.chalet-vallouise.com\/it\/?s={search_term_string}\"},\"query-input\":{\"@type\":\"PropertyValueSpecification\",\"valueRequired\":true,\"valueName\":\"search_term_string\"}}],\"inLanguage\":\"it-IT\"}]}<\/script>\n<!-- \/ Yoast SEO plugin. -->","yoast_head_json":{"title":"Les Chalets de Vallouise - La regione di Vallouise, nelle Hautes-Alpes","description":"Vallouise situato nelle Hautes-Alpes a soli 20 km da Brian\u00e7on \u00e8 una destinazione invernale che fa rima con autenticit\u00e0 e attivit\u00e0 varie.","robots":{"index":"index","follow":"follow","max-snippet":"max-snippet:-1","max-image-preview":"max-image-preview:large","max-video-preview":"max-video-preview:-1"},"canonical":"https:\/\/www.chalet-vallouise.com\/it\/regione\/","og_locale":"it_IT","og_type":"article","og_title":"Les Chalets de Vallouise - La regione di Vallouise, nelle Hautes-Alpes","og_description":"Vallouise situato nelle Hautes-Alpes a soli 20 km da Brian\u00e7on \u00e8 una destinazione invernale che fa rima con autenticit\u00e0 e attivit\u00e0 varie.","og_url":"https:\/\/www.chalet-vallouise.com\/it\/regione\/","og_site_name":"Les Chalets de Vallouise","article_modified_time":"2022-10-11T14:32:43+00:00","twitter_card":"summary_large_image","twitter_misc":{"Est. reading time":"5 minuti"},"schema":{"@context":"https:\/\/schema.org","@graph":[{"@type":"WebPage","@id":"https:\/\/www.chalet-vallouise.com\/it\/regione\/","url":"https:\/\/www.chalet-vallouise.com\/it\/regione\/","name":"Les Chalets de Vallouise - La regione di Vallouise, nelle Hautes-Alpes","isPartOf":{"@id":"https:\/\/www.chalet-vallouise.com\/it\/#website"},"datePublished":"2018-06-08T09:25:01+00:00","dateModified":"2022-10-11T14:32:43+00:00","description":"Vallouise situato nelle Hautes-Alpes a soli 20 km da Brian\u00e7on \u00e8 una destinazione invernale che fa rima con autenticit\u00e0 e attivit\u00e0 varie.","breadcrumb":{"@id":"https:\/\/www.chalet-vallouise.com\/it\/regione\/#breadcrumb"},"inLanguage":"it-IT","potentialAction":[{"@type":"ReadAction","target":["https:\/\/www.chalet-vallouise.com\/it\/regione\/"]}]},{"@type":"BreadcrumbList","@id":"https:\/\/www.chalet-vallouise.com\/it\/regione\/#breadcrumb","itemListElement":[{"@type":"ListItem","position":1,"name":"Home","item":"https:\/\/www.chalet-vallouise.com\/it\/"},{"@type":"ListItem","position":2,"name":"REGIONE"}]},{"@type":"WebSite","@id":"https:\/\/www.chalet-vallouise.com\/it\/#website","url":"https:\/\/www.chalet-vallouise.com\/it\/","name":"Les Chalets de Vallouise","description":"Just another Citykamp site","potentialAction":[{"@type":"SearchAction","target":{"@type":"EntryPoint","urlTemplate":"https:\/\/www.chalet-vallouise.com\/it\/?s={search_term_string}"},"query-input":{"@type":"PropertyValueSpecification","valueRequired":true,"valueName":"search_term_string"}}],"inLanguage":"it-IT"}]}},"_links":{"self":[{"href":"https:\/\/www.chalet-vallouise.com\/it\/wp-json\/wp\/v2\/pages\/355","targetHints":{"allow":["GET"]}}],"collection":[{"href":"https:\/\/www.chalet-vallouise.com\/it\/wp-json\/wp\/v2\/pages"}],"about":[{"href":"https:\/\/www.chalet-vallouise.com\/it\/wp-json\/wp\/v2\/types\/page"}],"author":[{"embeddable":true,"href":"https:\/\/www.chalet-vallouise.com\/it\/wp-json\/wp\/v2\/users\/1"}],"replies":[{"embeddable":true,"href":"https:\/\/www.chalet-vallouise.com\/it\/wp-json\/wp\/v2\/comments?post=355"}],"version-history":[{"count":3,"href":"https:\/\/www.chalet-vallouise.com\/it\/wp-json\/wp\/v2\/pages\/355\/revisions"}],"predecessor-version":[{"id":4488,"href":"https:\/\/www.chalet-vallouise.com\/it\/wp-json\/wp\/v2\/pages\/355\/revisions\/4488"}],"wp:attachment":[{"href":"https:\/\/www.chalet-vallouise.com\/it\/wp-json\/wp\/v2\/media?parent=355"}],"curies":[{"name":"wp","href":"https:\/\/api.w.org\/{rel}","templated":true}]}}