{"id":563,"date":"2019-06-24T12:20:09","date_gmt":"2019-06-24T12:20:09","guid":{"rendered":"http:\/\/www.chalet-vallouise.com\/?page_id=563"},"modified":"2022-10-11T14:38:01","modified_gmt":"2022-10-11T14:38:01","slug":"ski-au-pays-des-ecrins","status":"publish","type":"page","link":"https:\/\/www.chalet-vallouise.com\/it\/ski-au-pays-des-ecrins\/","title":{"rendered":"Sciare nel Paese di Ecrins"},"content":{"rendered":"<div class=\"wpb-content-wrapper\"><p>[vc_row][vc_column][vc_single_image image=&#8221;608&#8243; img_size=&#8221;1900&#215;500&#8243; alignment=&#8221;center&#8221;][\/vc_column][\/vc_row][vc_row][vc_column]<div class=\"wrappedcontent\">[vc_column_text]<\/p>\n<h4 style=\"text-align: center;\"><span style=\"color: #333333;\">\u2014<\/span> Attivit\u00e0 molteplici e varie&#8230;<span style=\"color: #333333;\">\u00a0\u2014<\/span><\/h4>\n<p>[\/vc_column_text][vc_empty_space][vc_masonry_media_grid element_width=&#8221;12&#8243; gap=&#8221;0&#8243; item=&#8221;124&#8243; grid_id=&#8221;vc_gid:1665499075022-e49162e8-9d6f-1&#8243; include=&#8221;382&#8243;][vc_empty_space height=&#8221;12px&#8221;][vc_column_text]Vallouise \u00e8 situato nelle immediate vicinanze di due stazioni sciistiche per famiglie: la stazione di Pelvoux Vallouise e la stazione di Puy- Saint-Vincent.<\/p>\n<p><span style=\"color: #23afc2;\"><strong>L&#8217;area sciabile di Pelvoux Vallouise\u00a0, situata a 5 minuti da Vallouise si estende da 1250 m a 2330 m e offre 25 km di piste segnalate.<\/strong><\/span><\/p>\n<p><span style=\"color: #23afc2;\"><strong>La stazione di Puy-Saint-Vincent, situata a 15 minuti da Vallouise, \u00e8 un moderno impianto che propone 75 km di piste che si snodano tra i larici. L&#8217;area si estende da 1400 m a 2750 m di altitudine.\u00a0<\/strong><\/span><\/p>\n<p>Durante il vostro soggiorno a Vallouise, potrete anche approfittare della zona sciabile di Serre Chevalier, situata a meno di 30 km da Vallouise e scoprire la zona di Montgen\u00e8vre.\u00a0La stazione di Serre Chevalier propone per un forfait minimo di 6 giorni (Grande Galaxie) la possibilit\u00e0 di accedere per 1 giornata a un&#8217;altra stazione (Montgen\u00e8vre, Les deux Alpes, Puy Saint Vincent&#8230;). [\/vc_column_text][vc_empty_space height=&#8221;12px&#8221;][vc_row_inner gap=&#8221;35&#8243; css=&#8221;.vc_custom_1528879986760{margin-left: -0.5px !important;}&#8221;][vc_column_inner width=&#8221;1\/2&#8243;][vc_masonry_media_grid element_width=&#8221;12&#8243; gap=&#8221;0&#8243; item=&#8221;124&#8243; grid_id=&#8221;vc_gid:1665499075025-06ce1517-b00d-0&#8243; include=&#8221;491&#8243;][vc_empty_space height=&#8221;12px&#8221;][vc_column_text]Partenza sci ai piedi dal vostro chalet!<\/p>\n<p>L&#8217;area di Vallouise e Les Vigneaux propone pi\u00f9 di 30 km di piste tracciate e segnalate; una localit\u00e0 ideale per principianti ed esperti appassionati di passeggiate nella foresta<\/p>\n<p>Potrete anche praticare questa attivit\u00e0 nell&#8217;area di Puy-Saint-Vincent, in localit\u00e0 Ailefroide o nell&#8217;area della valle di Freissini\u00e8res.[\/vc_column_text][\/vc_column_inner][vc_column_inner width=&#8221;1\/2&#8243;][vc_masonry_media_grid element_width=&#8221;12&#8243; gap=&#8221;0&#8243; item=&#8221;124&#8243; grid_id=&#8221;vc_gid:1665499075026-9248c9c6-93e5-1&#8243; include=&#8221;494&#8243;][vc_empty_space height=&#8221;12px&#8221;][vc_column_text]Il territorio da sogno del Pays des Ecrins \u00e8 l&#8217;ideale per gli appassionati dello sci-alpinismo. Le possibilit\u00e0 sono infinite.\u00a0Scoprite valli selvatiche e incontaminate, ghiacciai e una montagna unica in una cornice grandiosa fuori dai sentieri battuti.<\/p>\n<p>Ecco qualche suggerimento per le vostre escursioni: La Blanche, Les Cr\u00e8tes de Reychard, Les Querettes, La Condamine&#8230;[\/vc_column_text][\/vc_column_inner][\/vc_row_inner]<div class=\"text-center btnwrap\"><a class=\"btn btn-huttopia-cta\" href=\"http:\/\/checkout.huttopia.com\/redirect\/it\/893\" role=\"button\" target=\"\" onclick=\"dataLayer.push({'event':'clickCity', 'clickText':'Prenota il tuo soggiorno'})\">Prenota il tuo soggiorno<\/a><\/div><\/div>[\/vc_column][\/vc_row][vc_row css=&#8221;.vc_custom_1561382611178{margin-left: -0.5px !important;}&#8221;][vc_column]<div class=\"wrappedcontent\">[vc_row_inner equal_height=&#8221;yes&#8221; content_placement=&#8221;middle&#8221; gap=&#8221;25&#8243; css=&#8221;.vc_custom_1599057632970{margin-left: -0.5px !important;}&#8221;][vc_column_inner width=&#8221;1\/3&#8243; css=&#8221;.vc_custom_1561383034469{background-color: #757575 !important;}&#8221;][vc_icon icon_fontawesome=&#8221;fa fa-bus&#8221; color=&#8221;custom&#8221; background_style=&#8221;rounded&#8221; background_color=&#8221;white&#8221; align=&#8221;center&#8221; custom_color=&#8221;#23afc2&#8243; css=&#8221;.vc_custom_1561383129547{margin-bottom: -5px !important;padding-top: 15px !important;}&#8221;][vc_column_text css=&#8221;.vc_custom_1606298749591{padding-top: 15px !important;padding-right: 10px !important;padding-bottom: 15px !important;padding-left: 10px !important;}&#8221;]<\/p>\n<p style=\"text-align: center;\"><span style=\"color: #ffffff;\"><strong>NAVETTA<\/strong><\/span><\/p>\n<p style=\"text-align: center;\"><span style=\"color: #ffffff;\">Una navetta di 1 \u20ac si trova vicino allo Chalets de Vallouise e porta gli sciatori alle stazioni di Puy St Vincent e Pelvoux.<\/span><\/p>\n<p style=\"text-align: center;\"><span style=\"color: #ffffff;\">\u00c8 quindi molto facile godersi le piste senza preoccuparsi dell&#8217;auto e del parcheggio !<\/span><\/p>\n<p>[\/vc_column_text][\/vc_column_inner][vc_column_inner width=&#8221;1\/3&#8243;][vc_masonry_media_grid element_width=&#8221;12&#8243; gap=&#8221;0&#8243; grid_id=&#8221;vc_gid:1665499075029-200648e1-6bf6-4&#8243; include=&#8221;624&#8243;][\/vc_column_inner][vc_column_inner width=&#8221;1\/3&#8243; css=&#8221;.vc_custom_1561383213126{background-color: #e8e8e8 !important;}&#8221;][vc_column_text css=&#8221;.vc_custom_1599057629092{padding-top: 15px !important;padding-right: 10px !important;padding-bottom: 15px !important;padding-left: 10px !important;}&#8221;]<\/p>\n<h4 style=\"text-align: center;\">IL VOSTRO NOLEGGIO DI SCI A TARIFFE RIDOTTE<\/h4>\n<p style=\"text-align: center;\">Prenotate la vostra attrezzatura da sci al miglior prezzo e beneficiate di tariffe ridotte grazie al nostro partner SKISET.<\/p>\n<p style=\"text-align: center;\">Come funziona? Un link di prenotazione esclusivo vi sar\u00e0 inviato dopo aver prenotato il vostro soggiorno nello Chalet.<\/p>\n<p>[\/vc_column_text][\/vc_column_inner][\/vc_row_inner]<\/div>[\/vc_column][\/vc_row]<\/p>\n<\/div>","protected":false},"excerpt":{"rendered":"<p>[vc_row][vc_column][vc_single_image image=&#8221;608&#8243; img_size=&#8221;1900&#215;500&#8243; alignment=&#8221;center&#8221;][\/vc_column][\/vc_row][vc_row][vc_column][\/vc_column][\/vc_row][vc_row css=&#8221;.vc_custom_1561382611178{margin-left: -0.5px !important;}&#8221;][vc_column][\/vc_column][\/vc_row]<\/p>\n","protected":false},"author":4,"featured_media":0,"parent":0,"menu_order":0,"comment_status":"closed","ping_status":"closed","template":"","meta":{"footnotes":""},"class_list":["post-563","page","type-page","status-publish","hentry"],"yoast_head":"<!-- This site is optimized with the Yoast SEO plugin v25.6 - https:\/\/yoast.com\/wordpress\/plugins\/seo\/ -->\n<title>Sciare nel Paese di Ecrins - Les Chalets de Vallouise<\/title>\n<meta name=\"robots\" content=\"index, follow, max-snippet:-1, max-image-preview:large, max-video-preview:-1\" \/>\n<link rel=\"canonical\" href=\"https:\/\/www.chalet-vallouise.com\/it\/ski-au-pays-des-ecrins\/\" \/>\n<meta property=\"og:locale\" content=\"it_IT\" \/>\n<meta property=\"og:type\" content=\"article\" \/>\n<meta property=\"og:title\" content=\"Sciare nel Paese di Ecrins - Les Chalets de Vallouise\" \/>\n<meta property=\"og:description\" content=\"[vc_row][vc_column][vc_single_image image=&#8221;608&#8243; img_size=&#8221;1900&#215;500&#8243; alignment=&#8221;center&#8221;][\/vc_column][\/vc_row][vc_row][vc_column][\/vc_column][\/vc_row][vc_row css=&#8221;.vc_custom_1561382611178{margin-left: -0.5px !important;}&#8221;][vc_column][\/vc_column][\/vc_row]\" \/>\n<meta property=\"og:url\" content=\"https:\/\/www.chalet-vallouise.com\/it\/ski-au-pays-des-ecrins\/\" \/>\n<meta property=\"og:site_name\" content=\"Les Chalets de Vallouise\" \/>\n<meta property=\"article:modified_time\" content=\"2022-10-11T14:38:01+00:00\" \/>\n<meta name=\"twitter:card\" content=\"summary_large_image\" \/>\n<meta name=\"twitter:label1\" content=\"Est. reading time\" \/>\n\t<meta name=\"twitter:data1\" content=\"3 minuti\" \/>\n<script type=\"application\/ld+json\" class=\"yoast-schema-graph\">{\"@context\":\"https:\/\/schema.org\",\"@graph\":[{\"@type\":\"WebPage\",\"@id\":\"https:\/\/www.chalet-vallouise.com\/it\/ski-au-pays-des-ecrins\/\",\"url\":\"https:\/\/www.chalet-vallouise.com\/it\/ski-au-pays-des-ecrins\/\",\"name\":\"Sciare nel Paese di Ecrins - Les Chalets de Vallouise\",\"isPartOf\":{\"@id\":\"https:\/\/www.chalet-vallouise.com\/it\/#website\"},\"datePublished\":\"2019-06-24T12:20:09+00:00\",\"dateModified\":\"2022-10-11T14:38:01+00:00\",\"breadcrumb\":{\"@id\":\"https:\/\/www.chalet-vallouise.com\/it\/ski-au-pays-des-ecrins\/#breadcrumb\"},\"inLanguage\":\"it-IT\",\"potentialAction\":[{\"@type\":\"ReadAction\",\"target\":[\"https:\/\/www.chalet-vallouise.com\/it\/ski-au-pays-des-ecrins\/\"]}]},{\"@type\":\"BreadcrumbList\",\"@id\":\"https:\/\/www.chalet-vallouise.com\/it\/ski-au-pays-des-ecrins\/#breadcrumb\",\"itemListElement\":[{\"@type\":\"ListItem\",\"position\":1,\"name\":\"Home\",\"item\":\"https:\/\/www.chalet-vallouise.com\/it\/\"},{\"@type\":\"ListItem\",\"position\":2,\"name\":\"Sciare nel Paese di Ecrins\"}]},{\"@type\":\"WebSite\",\"@id\":\"https:\/\/www.chalet-vallouise.com\/it\/#website\",\"url\":\"https:\/\/www.chalet-vallouise.com\/it\/\",\"name\":\"Les Chalets de Vallouise\",\"description\":\"Just another Citykamp site\",\"potentialAction\":[{\"@type\":\"SearchAction\",\"target\":{\"@type\":\"EntryPoint\",\"urlTemplate\":\"https:\/\/www.chalet-vallouise.com\/it\/?s={search_term_string}\"},\"query-input\":{\"@type\":\"PropertyValueSpecification\",\"valueRequired\":true,\"valueName\":\"search_term_string\"}}],\"inLanguage\":\"it-IT\"}]}<\/script>\n<!-- \/ Yoast SEO plugin. -->","yoast_head_json":{"title":"Sciare nel Paese di Ecrins - Les Chalets de Vallouise","robots":{"index":"index","follow":"follow","max-snippet":"max-snippet:-1","max-image-preview":"max-image-preview:large","max-video-preview":"max-video-preview:-1"},"canonical":"https:\/\/www.chalet-vallouise.com\/it\/ski-au-pays-des-ecrins\/","og_locale":"it_IT","og_type":"article","og_title":"Sciare nel Paese di Ecrins - Les Chalets de Vallouise","og_description":"[vc_row][vc_column][vc_single_image image=&#8221;608&#8243; img_size=&#8221;1900&#215;500&#8243; alignment=&#8221;center&#8221;][\/vc_column][\/vc_row][vc_row][vc_column][\/vc_column][\/vc_row][vc_row css=&#8221;.vc_custom_1561382611178{margin-left: -0.5px !important;}&#8221;][vc_column][\/vc_column][\/vc_row]","og_url":"https:\/\/www.chalet-vallouise.com\/it\/ski-au-pays-des-ecrins\/","og_site_name":"Les Chalets de Vallouise","article_modified_time":"2022-10-11T14:38:01+00:00","twitter_card":"summary_large_image","twitter_misc":{"Est. reading time":"3 minuti"},"schema":{"@context":"https:\/\/schema.org","@graph":[{"@type":"WebPage","@id":"https:\/\/www.chalet-vallouise.com\/it\/ski-au-pays-des-ecrins\/","url":"https:\/\/www.chalet-vallouise.com\/it\/ski-au-pays-des-ecrins\/","name":"Sciare nel Paese di Ecrins - Les Chalets de Vallouise","isPartOf":{"@id":"https:\/\/www.chalet-vallouise.com\/it\/#website"},"datePublished":"2019-06-24T12:20:09+00:00","dateModified":"2022-10-11T14:38:01+00:00","breadcrumb":{"@id":"https:\/\/www.chalet-vallouise.com\/it\/ski-au-pays-des-ecrins\/#breadcrumb"},"inLanguage":"it-IT","potentialAction":[{"@type":"ReadAction","target":["https:\/\/www.chalet-vallouise.com\/it\/ski-au-pays-des-ecrins\/"]}]},{"@type":"BreadcrumbList","@id":"https:\/\/www.chalet-vallouise.com\/it\/ski-au-pays-des-ecrins\/#breadcrumb","itemListElement":[{"@type":"ListItem","position":1,"name":"Home","item":"https:\/\/www.chalet-vallouise.com\/it\/"},{"@type":"ListItem","position":2,"name":"Sciare nel Paese di Ecrins"}]},{"@type":"WebSite","@id":"https:\/\/www.chalet-vallouise.com\/it\/#website","url":"https:\/\/www.chalet-vallouise.com\/it\/","name":"Les Chalets de Vallouise","description":"Just another Citykamp site","potentialAction":[{"@type":"SearchAction","target":{"@type":"EntryPoint","urlTemplate":"https:\/\/www.chalet-vallouise.com\/it\/?s={search_term_string}"},"query-input":{"@type":"PropertyValueSpecification","valueRequired":true,"valueName":"search_term_string"}}],"inLanguage":"it-IT"}]}},"_links":{"self":[{"href":"https:\/\/www.chalet-vallouise.com\/it\/wp-json\/wp\/v2\/pages\/563","targetHints":{"allow":["GET"]}}],"collection":[{"href":"https:\/\/www.chalet-vallouise.com\/it\/wp-json\/wp\/v2\/pages"}],"about":[{"href":"https:\/\/www.chalet-vallouise.com\/it\/wp-json\/wp\/v2\/types\/page"}],"author":[{"embeddable":true,"href":"https:\/\/www.chalet-vallouise.com\/it\/wp-json\/wp\/v2\/users\/4"}],"replies":[{"embeddable":true,"href":"https:\/\/www.chalet-vallouise.com\/it\/wp-json\/wp\/v2\/comments?post=563"}],"version-history":[{"count":3,"href":"https:\/\/www.chalet-vallouise.com\/it\/wp-json\/wp\/v2\/pages\/563\/revisions"}],"predecessor-version":[{"id":4494,"href":"https:\/\/www.chalet-vallouise.com\/it\/wp-json\/wp\/v2\/pages\/563\/revisions\/4494"}],"wp:attachment":[{"href":"https:\/\/www.chalet-vallouise.com\/it\/wp-json\/wp\/v2\/media?parent=563"}],"curies":[{"name":"wp","href":"https:\/\/api.w.org\/{rel}","templated":true}]}}